{"id":98,"date":"2023-08-10T10:00:57","date_gmt":"2023-08-10T10:00:57","guid":{"rendered":"https:\/\/fah.is\/wordpress\/?page_id=98"},"modified":"2023-08-10T23:59:01","modified_gmt":"2023-08-10T23:59:01","slug":"verkefni","status":"publish","type":"page","link":"https:\/\/fah.is\/wordpress\/verkefni\/","title":{"rendered":"Verkefni"},"content":{"rendered":"<p>F\u00e9lag \u00e1byrgra hundaeigenda hefur fr\u00e1 stofnun lagt \u00e1herslu \u00e1 a\u00f0 berjast fyrir b\u00e6ttum r\u00e9ttindum hundaeigenda og breytingum \u00e1 l\u00f6ngu \u00fareltu kerfi \u00ed kringum hundahald \u00e1 \u00cdslandi.<\/p>\n","protected":false},"excerpt":{"rendered":"<p>F\u00e9lag \u00e1byrgra hundaeigenda hefur fr\u00e1 stofnun lagt \u00e1herslu \u00e1 a\u00f0 berjast fyrir b\u00e6ttum r\u00e9ttindum hundaeigenda og breytingum \u00e1 l\u00f6ngu \u00fareltu kerfi \u00ed kringum hundahald \u00e1 \u00cdslandi.<\/p>\n","protected":false},"author":1,"featured_media":0,"parent":0,"menu_order":0,"comment_status":"closed","ping_status":"closed","template":"","meta":{"nf_dc_page":"","om_disable_all_campaigns":false,"footnotes":""},"class_list":["post-98","page","type-page","status-publish","hentry"],"yoast_head":"<!-- This site is optimized with the Yoast SEO plugin v27.4 - https:\/\/yoast.com\/product\/yoast-seo-wordpress\/ -->\n<title>Verkefni - F\u00e9lag \u00e1byrgra hundaeigenda<\/title>\n<meta name=\"robots\" content=\"index, follow, max-snippet:-1, max-image-preview:large, max-video-preview:-1\" \/>\n<link rel=\"canonical\" href=\"https:\/\/fah.is\/wordpress\/verkefni\/\" \/>\n<meta property=\"og:locale\" content=\"en_US\" \/>\n<meta property=\"og:type\" content=\"article\" \/>\n<meta property=\"og:title\" content=\"Verkefni - F\u00e9lag \u00e1byrgra hundaeigenda\" \/>\n<meta property=\"og:description\" content=\"F\u00e9lag \u00e1byrgra hundaeigenda hefur fr\u00e1 stofnun lagt \u00e1herslu \u00e1 a\u00f0 berjast fyrir b\u00e6ttum r\u00e9ttindum hundaeigenda og breytingum \u00e1 l\u00f6ngu \u00fareltu kerfi \u00ed kringum hundahald \u00e1 \u00cdslandi.\" \/>\n<meta property=\"og:url\" content=\"https:\/\/fah.is\/wordpress\/verkefni\/\" \/>\n<meta property=\"og:site_name\" content=\"F\u00e9lag \u00e1byrgra hundaeigenda\" \/>\n<meta property=\"article:modified_time\" content=\"2023-08-10T23:59:01+00:00\" \/>\n<meta name=\"twitter:card\" content=\"summary_large_image\" \/>\n<meta name=\"twitter:label1\" content=\"Est. reading time\" \/>\n\t<meta name=\"twitter:data1\" content=\"1 minute\" \/>\n<script type=\"application\/ld+json\" class=\"yoast-schema-graph\">{\"@context\":\"https:\\\/\\\/schema.org\",\"@graph\":[{\"@type\":\"WebPage\",\"@id\":\"https:\\\/\\\/fah.is\\\/wordpress\\\/verkefni\\\/\",\"url\":\"https:\\\/\\\/fah.is\\\/wordpress\\\/verkefni\\\/\",\"name\":\"Verkefni - F\u00e9lag \u00e1byrgra hundaeigenda\",\"isPartOf\":{\"@id\":\"http:\\\/\\\/fah.is\\\/wordpress\\\/#website\"},\"datePublished\":\"2023-08-10T10:00:57+00:00\",\"dateModified\":\"2023-08-10T23:59:01+00:00\",\"breadcrumb\":{\"@id\":\"https:\\\/\\\/fah.is\\\/wordpress\\\/verkefni\\\/#breadcrumb\"},\"inLanguage\":\"en-US\",\"potentialAction\":[{\"@type\":\"ReadAction\",\"target\":[\"https:\\\/\\\/fah.is\\\/wordpress\\\/verkefni\\\/\"]}]},{\"@type\":\"BreadcrumbList\",\"@id\":\"https:\\\/\\\/fah.is\\\/wordpress\\\/verkefni\\\/#breadcrumb\",\"itemListElement\":[{\"@type\":\"ListItem\",\"position\":1,\"name\":\"Home\",\"item\":\"https:\\\/\\\/fah.is\\\/wordpress\\\/\"},{\"@type\":\"ListItem\",\"position\":2,\"name\":\"Verkefni\"}]},{\"@type\":\"WebSite\",\"@id\":\"http:\\\/\\\/fah.is\\\/wordpress\\\/#website\",\"url\":\"http:\\\/\\\/fah.is\\\/wordpress\\\/\",\"name\":\"F\u00e9lag \u00e1byrgra hundaeigenda\",\"description\":\"Vefs\u00ed\u00f0a F\u00e9lags \u00e1byrgra hundaeigenda\",\"publisher\":{\"@id\":\"http:\\\/\\\/fah.is\\\/wordpress\\\/#organization\"},\"potentialAction\":[{\"@type\":\"SearchAction\",\"target\":{\"@type\":\"EntryPoint\",\"urlTemplate\":\"http:\\\/\\\/fah.is\\\/wordpress\\\/?s={search_term_string}\"},\"query-input\":{\"@type\":\"PropertyValueSpecification\",\"valueRequired\":true,\"valueName\":\"search_term_string\"}}],\"inLanguage\":\"en-US\"},{\"@type\":\"Organization\",\"@id\":\"http:\\\/\\\/fah.is\\\/wordpress\\\/#organization\",\"name\":\"F\u00e9lag \u00e1byrgra hundaeigenda\",\"url\":\"http:\\\/\\\/fah.is\\\/wordpress\\\/\",\"logo\":{\"@type\":\"ImageObject\",\"inLanguage\":\"en-US\",\"@id\":\"http:\\\/\\\/fah.is\\\/wordpress\\\/#\\\/schema\\\/logo\\\/image\\\/\",\"url\":\"https:\\\/\\\/i0.wp.com\\\/fah.is\\\/wordpress\\\/wp-content\\\/uploads\\\/2023\\\/01\\\/fah-hringur-white-shadow.png?fit=822%2C873&ssl=1\",\"contentUrl\":\"https:\\\/\\\/i0.wp.com\\\/fah.is\\\/wordpress\\\/wp-content\\\/uploads\\\/2023\\\/01\\\/fah-hringur-white-shadow.png?fit=822%2C873&ssl=1\",\"width\":822,\"height\":873,\"caption\":\"F\u00e9lag \u00e1byrgra hundaeigenda\"},\"image\":{\"@id\":\"http:\\\/\\\/fah.is\\\/wordpress\\\/#\\\/schema\\\/logo\\\/image\\\/\"}}]}<\/script>\n<!-- \/ Yoast SEO plugin. -->","yoast_head_json":{"title":"Verkefni - F\u00e9lag \u00e1byrgra hundaeigenda","robots":{"index":"index","follow":"follow","max-snippet":"max-snippet:-1","max-image-preview":"max-image-preview:large","max-video-preview":"max-video-preview:-1"},"canonical":"https:\/\/fah.is\/wordpress\/verkefni\/","og_locale":"en_US","og_type":"article","og_title":"Verkefni - F\u00e9lag \u00e1byrgra hundaeigenda","og_description":"F\u00e9lag \u00e1byrgra hundaeigenda hefur fr\u00e1 stofnun lagt \u00e1herslu \u00e1 a\u00f0 berjast fyrir b\u00e6ttum r\u00e9ttindum hundaeigenda og breytingum \u00e1 l\u00f6ngu \u00fareltu kerfi \u00ed kringum hundahald \u00e1 \u00cdslandi.","og_url":"https:\/\/fah.is\/wordpress\/verkefni\/","og_site_name":"F\u00e9lag \u00e1byrgra hundaeigenda","article_modified_time":"2023-08-10T23:59:01+00:00","twitter_card":"summary_large_image","twitter_misc":{"Est. reading time":"1 minute"},"schema":{"@context":"https:\/\/schema.org","@graph":[{"@type":"WebPage","@id":"https:\/\/fah.is\/wordpress\/verkefni\/","url":"https:\/\/fah.is\/wordpress\/verkefni\/","name":"Verkefni - F\u00e9lag \u00e1byrgra hundaeigenda","isPartOf":{"@id":"http:\/\/fah.is\/wordpress\/#website"},"datePublished":"2023-08-10T10:00:57+00:00","dateModified":"2023-08-10T23:59:01+00:00","breadcrumb":{"@id":"https:\/\/fah.is\/wordpress\/verkefni\/#breadcrumb"},"inLanguage":"en-US","potentialAction":[{"@type":"ReadAction","target":["https:\/\/fah.is\/wordpress\/verkefni\/"]}]},{"@type":"BreadcrumbList","@id":"https:\/\/fah.is\/wordpress\/verkefni\/#breadcrumb","itemListElement":[{"@type":"ListItem","position":1,"name":"Home","item":"https:\/\/fah.is\/wordpress\/"},{"@type":"ListItem","position":2,"name":"Verkefni"}]},{"@type":"WebSite","@id":"http:\/\/fah.is\/wordpress\/#website","url":"http:\/\/fah.is\/wordpress\/","name":"F\u00e9lag \u00e1byrgra hundaeigenda","description":"Vefs\u00ed\u00f0a F\u00e9lags \u00e1byrgra hundaeigenda","publisher":{"@id":"http:\/\/fah.is\/wordpress\/#organization"},"potentialAction":[{"@type":"SearchAction","target":{"@type":"EntryPoint","urlTemplate":"http:\/\/fah.is\/wordpress\/?s={search_term_string}"},"query-input":{"@type":"PropertyValueSpecification","valueRequired":true,"valueName":"search_term_string"}}],"inLanguage":"en-US"},{"@type":"Organization","@id":"http:\/\/fah.is\/wordpress\/#organization","name":"F\u00e9lag \u00e1byrgra hundaeigenda","url":"http:\/\/fah.is\/wordpress\/","logo":{"@type":"ImageObject","inLanguage":"en-US","@id":"http:\/\/fah.is\/wordpress\/#\/schema\/logo\/image\/","url":"https:\/\/i0.wp.com\/fah.is\/wordpress\/wp-content\/uploads\/2023\/01\/fah-hringur-white-shadow.png?fit=822%2C873&ssl=1","contentUrl":"https:\/\/i0.wp.com\/fah.is\/wordpress\/wp-content\/uploads\/2023\/01\/fah-hringur-white-shadow.png?fit=822%2C873&ssl=1","width":822,"height":873,"caption":"F\u00e9lag \u00e1byrgra hundaeigenda"},"image":{"@id":"http:\/\/fah.is\/wordpress\/#\/schema\/logo\/image\/"}}]}},"jetpack_sharing_enabled":true,"_links":{"self":[{"href":"https:\/\/fah.is\/wordpress\/wp-json\/wp\/v2\/pages\/98","targetHints":{"allow":["GET"]}}],"collection":[{"href":"https:\/\/fah.is\/wordpress\/wp-json\/wp\/v2\/pages"}],"about":[{"href":"https:\/\/fah.is\/wordpress\/wp-json\/wp\/v2\/types\/page"}],"author":[{"embeddable":true,"href":"https:\/\/fah.is\/wordpress\/wp-json\/wp\/v2\/users\/1"}],"replies":[{"embeddable":true,"href":"https:\/\/fah.is\/wordpress\/wp-json\/wp\/v2\/comments?post=98"}],"version-history":[{"count":5,"href":"https:\/\/fah.is\/wordpress\/wp-json\/wp\/v2\/pages\/98\/revisions"}],"predecessor-version":[{"id":272,"href":"https:\/\/fah.is\/wordpress\/wp-json\/wp\/v2\/pages\/98\/revisions\/272"}],"wp:attachment":[{"href":"https:\/\/fah.is\/wordpress\/wp-json\/wp\/v2\/media?parent=98"}],"curies":[{"name":"wp","href":"https:\/\/api.w.org\/{rel}","templated":true}]}}