{"id":239,"date":"2023-08-10T21:36:20","date_gmt":"2023-08-10T21:36:20","guid":{"rendered":"https:\/\/fah.is\/wordpress\/?page_id=239"},"modified":"2023-08-10T23:58:22","modified_gmt":"2023-08-10T23:58:22","slug":"um-okkur","status":"publish","type":"page","link":"https:\/\/fah.is\/wordpress\/um-okkur\/","title":{"rendered":"Um okkur"},"content":{"rendered":"\n<p>F\u00e9lag \u00e1byrgra hundaeigenda var stofna\u00f0 18. jan\u00faar 2012 af nokkrum hundaeigendum sem h\u00f6f\u00f0u \u00e1huga \u00e1 a\u00f0 b\u00e6ta st\u00f6\u00f0u hundaeigenda og hunda \u00ed borginni. F\u00e9lagi\u00f0 er opi\u00f0 \u00f6llum. Tilgangur f\u00e9lagsins er a\u00f0 vera m\u00e1lsvari hundaeigenda og hunda me\u00f0 \u00fea\u00f0 a\u00f0 markmi\u00f0i a\u00f0 stu\u00f0la a\u00f0 \u00e1byrgu hundahaldi.<\/p>\n\n\n\n<h4 class=\"wp-block-heading\">Framt\u00ed\u00f0ars\u00fdn og markmi\u00f0<\/h4>\n\n\n\n<ul class=\"wp-block-list\">\n<li>A\u00f0 \u00e1 \u00cdslandi skapist hundamenning \u00ed l\u00edkingu vi\u00f0 \u00fea\u00f0 sem fyrirfinnst \u00ed n\u00e1grannal\u00f6ndunum<\/li>\n\n\n\n<li>A\u00f0 eiga gott samstarf vi\u00f0 sveitarf\u00e9l\u00f6g var\u00f0andi m\u00e1l er tengjast hundahaldi<\/li>\n\n\n\n<li>A\u00f0 hundaeigendur s\u00fdni \u00e1byrg\u00f0 \u00ed hv\u00edvetna<\/li>\n\n\n\n<li>A\u00f0 hundager\u00f0i fyrirfinnist \u00ed \u00f6llum hverfum borgarinnar<\/li>\n\n\n\n<li>A\u00f0 au\u00f0velda hundaeigendum a\u00f0 fer\u00f0ast me\u00f0 hunda s\u00edna<\/li>\n\n\n\n<li>A\u00f0 teki\u00f0 s\u00e9 tillit til andlegra og l\u00edkamlegra \u00fearfa hunda \u00ed stefnum\u00f3tun yfirvalda var\u00f0andi m\u00e1lefni hunda<\/li>\n<\/ul>\n\n\n\n<h4 class=\"wp-block-heading\">Hvernig \u00e6tlum vi\u00f0 a\u00f0 n\u00e1 markmi\u00f0um okkar?<\/h4>\n\n\n\n<ul class=\"wp-block-list\">\n<li>Virkja sem flesta hundaeigendur \u00ed \u00fe\u00e1gu m\u00e1lefnisins<\/li>\n\n\n\n<li>Setja \u00e1 laggirnar nefndir sem vinna a\u00f0 settum markmi\u00f0um f\u00e9lagsins<\/li>\n\n\n\n<li>Auka samvinnu vi\u00f0 yfirv\u00f6ld og koma sj\u00f3narmi\u00f0um hundaeigenda \u00e1 framf\u00e6ri.<\/li>\n<\/ul>\n","protected":false},"excerpt":{"rendered":"<p>F\u00e9lag \u00e1byrgra hundaeigenda var stofna\u00f0 18. jan\u00faar 2012 af nokkrum hundaeigendum sem h\u00f6f\u00f0u \u00e1huga \u00e1 a\u00f0 b\u00e6ta st\u00f6\u00f0u hundaeigenda og hunda \u00ed borginni. F\u00e9lagi\u00f0 er opi\u00f0 \u00f6llum. Tilgangur f\u00e9lagsins er a\u00f0 vera m\u00e1lsvari hundaeigenda og hunda me\u00f0 \u00fea\u00f0 a\u00f0 markmi\u00f0i a\u00f0 stu\u00f0la a\u00f0 \u00e1byrgu hundahaldi. Framt\u00ed\u00f0ars\u00fdn og markmi\u00f0 Hvernig \u00e6tlum vi\u00f0 a\u00f0 n\u00e1 markmi\u00f0um okkar?<\/p>\n","protected":false},"author":1,"featured_media":0,"parent":0,"menu_order":0,"comment_status":"closed","ping_status":"closed","template":"","meta":{"nf_dc_page":"","om_disable_all_campaigns":false,"footnotes":""},"class_list":["post-239","page","type-page","status-publish","hentry"],"yoast_head":"<!-- This site is optimized with the Yoast SEO plugin v27.4 - https:\/\/yoast.com\/product\/yoast-seo-wordpress\/ -->\n<title>Um okkur - F\u00e9lag \u00e1byrgra hundaeigenda<\/title>\n<meta name=\"robots\" content=\"index, follow, max-snippet:-1, max-image-preview:large, max-video-preview:-1\" \/>\n<link rel=\"canonical\" href=\"https:\/\/fah.is\/wordpress\/um-okkur\/\" \/>\n<meta property=\"og:locale\" content=\"en_US\" \/>\n<meta property=\"og:type\" content=\"article\" \/>\n<meta property=\"og:title\" content=\"Um okkur - F\u00e9lag \u00e1byrgra hundaeigenda\" \/>\n<meta property=\"og:description\" content=\"F\u00e9lag \u00e1byrgra hundaeigenda var stofna\u00f0 18. jan\u00faar 2012 af nokkrum hundaeigendum sem h\u00f6f\u00f0u \u00e1huga \u00e1 a\u00f0 b\u00e6ta st\u00f6\u00f0u hundaeigenda og hunda \u00ed borginni. F\u00e9lagi\u00f0 er opi\u00f0 \u00f6llum. Tilgangur f\u00e9lagsins er a\u00f0 vera m\u00e1lsvari hundaeigenda og hunda me\u00f0 \u00fea\u00f0 a\u00f0 markmi\u00f0i a\u00f0 stu\u00f0la a\u00f0 \u00e1byrgu hundahaldi. Framt\u00ed\u00f0ars\u00fdn og markmi\u00f0 Hvernig \u00e6tlum vi\u00f0 a\u00f0 n\u00e1 markmi\u00f0um okkar?\" \/>\n<meta property=\"og:url\" content=\"https:\/\/fah.is\/wordpress\/um-okkur\/\" \/>\n<meta property=\"og:site_name\" content=\"F\u00e9lag \u00e1byrgra hundaeigenda\" \/>\n<meta property=\"article:modified_time\" content=\"2023-08-10T23:58:22+00:00\" \/>\n<meta name=\"twitter:card\" content=\"summary_large_image\" \/>\n<meta name=\"twitter:label1\" content=\"Est. reading time\" \/>\n\t<meta name=\"twitter:data1\" content=\"1 minute\" \/>\n<script type=\"application\/ld+json\" class=\"yoast-schema-graph\">{\"@context\":\"https:\\\/\\\/schema.org\",\"@graph\":[{\"@type\":\"WebPage\",\"@id\":\"https:\\\/\\\/fah.is\\\/wordpress\\\/um-okkur\\\/\",\"url\":\"https:\\\/\\\/fah.is\\\/wordpress\\\/um-okkur\\\/\",\"name\":\"Um okkur - F\u00e9lag \u00e1byrgra hundaeigenda\",\"isPartOf\":{\"@id\":\"http:\\\/\\\/fah.is\\\/wordpress\\\/#website\"},\"datePublished\":\"2023-08-10T21:36:20+00:00\",\"dateModified\":\"2023-08-10T23:58:22+00:00\",\"breadcrumb\":{\"@id\":\"https:\\\/\\\/fah.is\\\/wordpress\\\/um-okkur\\\/#breadcrumb\"},\"inLanguage\":\"en-US\",\"potentialAction\":[{\"@type\":\"ReadAction\",\"target\":[\"https:\\\/\\\/fah.is\\\/wordpress\\\/um-okkur\\\/\"]}]},{\"@type\":\"BreadcrumbList\",\"@id\":\"https:\\\/\\\/fah.is\\\/wordpress\\\/um-okkur\\\/#breadcrumb\",\"itemListElement\":[{\"@type\":\"ListItem\",\"position\":1,\"name\":\"Home\",\"item\":\"https:\\\/\\\/fah.is\\\/wordpress\\\/\"},{\"@type\":\"ListItem\",\"position\":2,\"name\":\"Um okkur\"}]},{\"@type\":\"WebSite\",\"@id\":\"http:\\\/\\\/fah.is\\\/wordpress\\\/#website\",\"url\":\"http:\\\/\\\/fah.is\\\/wordpress\\\/\",\"name\":\"F\u00e9lag \u00e1byrgra hundaeigenda\",\"description\":\"Vefs\u00ed\u00f0a F\u00e9lags \u00e1byrgra hundaeigenda\",\"publisher\":{\"@id\":\"http:\\\/\\\/fah.is\\\/wordpress\\\/#organization\"},\"potentialAction\":[{\"@type\":\"SearchAction\",\"target\":{\"@type\":\"EntryPoint\",\"urlTemplate\":\"http:\\\/\\\/fah.is\\\/wordpress\\\/?s={search_term_string}\"},\"query-input\":{\"@type\":\"PropertyValueSpecification\",\"valueRequired\":true,\"valueName\":\"search_term_string\"}}],\"inLanguage\":\"en-US\"},{\"@type\":\"Organization\",\"@id\":\"http:\\\/\\\/fah.is\\\/wordpress\\\/#organization\",\"name\":\"F\u00e9lag \u00e1byrgra hundaeigenda\",\"url\":\"http:\\\/\\\/fah.is\\\/wordpress\\\/\",\"logo\":{\"@type\":\"ImageObject\",\"inLanguage\":\"en-US\",\"@id\":\"http:\\\/\\\/fah.is\\\/wordpress\\\/#\\\/schema\\\/logo\\\/image\\\/\",\"url\":\"https:\\\/\\\/i0.wp.com\\\/fah.is\\\/wordpress\\\/wp-content\\\/uploads\\\/2023\\\/01\\\/fah-hringur-white-shadow.png?fit=822%2C873&ssl=1\",\"contentUrl\":\"https:\\\/\\\/i0.wp.com\\\/fah.is\\\/wordpress\\\/wp-content\\\/uploads\\\/2023\\\/01\\\/fah-hringur-white-shadow.png?fit=822%2C873&ssl=1\",\"width\":822,\"height\":873,\"caption\":\"F\u00e9lag \u00e1byrgra hundaeigenda\"},\"image\":{\"@id\":\"http:\\\/\\\/fah.is\\\/wordpress\\\/#\\\/schema\\\/logo\\\/image\\\/\"}}]}<\/script>\n<!-- \/ Yoast SEO plugin. -->","yoast_head_json":{"title":"Um okkur - F\u00e9lag \u00e1byrgra hundaeigenda","robots":{"index":"index","follow":"follow","max-snippet":"max-snippet:-1","max-image-preview":"max-image-preview:large","max-video-preview":"max-video-preview:-1"},"canonical":"https:\/\/fah.is\/wordpress\/um-okkur\/","og_locale":"en_US","og_type":"article","og_title":"Um okkur - F\u00e9lag \u00e1byrgra hundaeigenda","og_description":"F\u00e9lag \u00e1byrgra hundaeigenda var stofna\u00f0 18. jan\u00faar 2012 af nokkrum hundaeigendum sem h\u00f6f\u00f0u \u00e1huga \u00e1 a\u00f0 b\u00e6ta st\u00f6\u00f0u hundaeigenda og hunda \u00ed borginni. F\u00e9lagi\u00f0 er opi\u00f0 \u00f6llum. Tilgangur f\u00e9lagsins er a\u00f0 vera m\u00e1lsvari hundaeigenda og hunda me\u00f0 \u00fea\u00f0 a\u00f0 markmi\u00f0i a\u00f0 stu\u00f0la a\u00f0 \u00e1byrgu hundahaldi. Framt\u00ed\u00f0ars\u00fdn og markmi\u00f0 Hvernig \u00e6tlum vi\u00f0 a\u00f0 n\u00e1 markmi\u00f0um okkar?","og_url":"https:\/\/fah.is\/wordpress\/um-okkur\/","og_site_name":"F\u00e9lag \u00e1byrgra hundaeigenda","article_modified_time":"2023-08-10T23:58:22+00:00","twitter_card":"summary_large_image","twitter_misc":{"Est. reading time":"1 minute"},"schema":{"@context":"https:\/\/schema.org","@graph":[{"@type":"WebPage","@id":"https:\/\/fah.is\/wordpress\/um-okkur\/","url":"https:\/\/fah.is\/wordpress\/um-okkur\/","name":"Um okkur - F\u00e9lag \u00e1byrgra hundaeigenda","isPartOf":{"@id":"http:\/\/fah.is\/wordpress\/#website"},"datePublished":"2023-08-10T21:36:20+00:00","dateModified":"2023-08-10T23:58:22+00:00","breadcrumb":{"@id":"https:\/\/fah.is\/wordpress\/um-okkur\/#breadcrumb"},"inLanguage":"en-US","potentialAction":[{"@type":"ReadAction","target":["https:\/\/fah.is\/wordpress\/um-okkur\/"]}]},{"@type":"BreadcrumbList","@id":"https:\/\/fah.is\/wordpress\/um-okkur\/#breadcrumb","itemListElement":[{"@type":"ListItem","position":1,"name":"Home","item":"https:\/\/fah.is\/wordpress\/"},{"@type":"ListItem","position":2,"name":"Um okkur"}]},{"@type":"WebSite","@id":"http:\/\/fah.is\/wordpress\/#website","url":"http:\/\/fah.is\/wordpress\/","name":"F\u00e9lag \u00e1byrgra hundaeigenda","description":"Vefs\u00ed\u00f0a F\u00e9lags \u00e1byrgra hundaeigenda","publisher":{"@id":"http:\/\/fah.is\/wordpress\/#organization"},"potentialAction":[{"@type":"SearchAction","target":{"@type":"EntryPoint","urlTemplate":"http:\/\/fah.is\/wordpress\/?s={search_term_string}"},"query-input":{"@type":"PropertyValueSpecification","valueRequired":true,"valueName":"search_term_string"}}],"inLanguage":"en-US"},{"@type":"Organization","@id":"http:\/\/fah.is\/wordpress\/#organization","name":"F\u00e9lag \u00e1byrgra hundaeigenda","url":"http:\/\/fah.is\/wordpress\/","logo":{"@type":"ImageObject","inLanguage":"en-US","@id":"http:\/\/fah.is\/wordpress\/#\/schema\/logo\/image\/","url":"https:\/\/i0.wp.com\/fah.is\/wordpress\/wp-content\/uploads\/2023\/01\/fah-hringur-white-shadow.png?fit=822%2C873&ssl=1","contentUrl":"https:\/\/i0.wp.com\/fah.is\/wordpress\/wp-content\/uploads\/2023\/01\/fah-hringur-white-shadow.png?fit=822%2C873&ssl=1","width":822,"height":873,"caption":"F\u00e9lag \u00e1byrgra hundaeigenda"},"image":{"@id":"http:\/\/fah.is\/wordpress\/#\/schema\/logo\/image\/"}}]}},"jetpack_sharing_enabled":true,"_links":{"self":[{"href":"https:\/\/fah.is\/wordpress\/wp-json\/wp\/v2\/pages\/239","targetHints":{"allow":["GET"]}}],"collection":[{"href":"https:\/\/fah.is\/wordpress\/wp-json\/wp\/v2\/pages"}],"about":[{"href":"https:\/\/fah.is\/wordpress\/wp-json\/wp\/v2\/types\/page"}],"author":[{"embeddable":true,"href":"https:\/\/fah.is\/wordpress\/wp-json\/wp\/v2\/users\/1"}],"replies":[{"embeddable":true,"href":"https:\/\/fah.is\/wordpress\/wp-json\/wp\/v2\/comments?post=239"}],"version-history":[{"count":2,"href":"https:\/\/fah.is\/wordpress\/wp-json\/wp\/v2\/pages\/239\/revisions"}],"predecessor-version":[{"id":270,"href":"https:\/\/fah.is\/wordpress\/wp-json\/wp\/v2\/pages\/239\/revisions\/270"}],"wp:attachment":[{"href":"https:\/\/fah.is\/wordpress\/wp-json\/wp\/v2\/media?parent=239"}],"curies":[{"name":"wp","href":"https:\/\/api.w.org\/{rel}","templated":true}]}}