{"id":114,"date":"2023-08-10T10:04:54","date_gmt":"2023-08-10T10:04:54","guid":{"rendered":"https:\/\/fah.is\/wordpress\/?page_id=114"},"modified":"2023-08-10T11:20:51","modified_gmt":"2023-08-10T11:20:51","slug":"log-felagsins-2","status":"publish","type":"page","link":"https:\/\/fah.is\/wordpress\/log-felagsins-2\/","title":{"rendered":"L\u00f6g f\u00e9lagsins"},"content":{"rendered":"\n<p><strong>I Heiti, hlutverk og skyldur.<\/strong><\/p>\n\n\n\n<p>1.gr.<\/p>\n\n\n\n<p>Nafn f\u00e9lagsins er F\u00e9lag \u00e1byrgra hundaeigenda.<\/p>\n\n\n\n<p>2.gr.<\/p>\n\n\n\n<p>Heimili f\u00e9lagsins og varnar\u00feing er \u00ed Reykjav\u00edk.<\/p>\n\n\n\n<p>3.gr.<\/p>\n\n\n\n<p>F\u00e9lagi\u00f0 er f\u00e9lag \u00e1hugamanna og stundar engan atvinnurekstur. Tilgangur f\u00e9lagsins er a\u00f0 vinna a\u00f0 b\u00e6ttum hag hunda og hundaeigenda m.a. me\u00f0 \u00fev\u00ed a\u00f0:<\/p>\n\n\n\n<p>a) vinna a\u00f0 b\u00e6ttri hundamenningu \u00e1 \u00cdslandi<\/p>\n\n\n\n<p>b) stu\u00f0la a\u00f0 fr\u00e6\u00f0slu og uppl\u00fdsingami\u00f0lum um m\u00e1lefni hunda<\/p>\n\n\n\n<p>c) taka virkan \u00fe\u00e1tt \u00ed umr\u00e6\u00f0u um m\u00e1lefni hunda me\u00f0al opinberra a\u00f0ila og \u00ed fj\u00f6lmi\u00f0lum<\/p>\n\n\n\n<p>d) stu\u00f0la a\u00f0 m\u00e1lefnalegri umr\u00e6\u00f0u um hundahald og \u00f6\u00f0ru \u00fev\u00ed tengdu<\/p>\n\n\n\n<p><strong>II A\u00f0ild og fj\u00e1rrei\u00f0ur.<\/strong><\/p>\n\n\n\n<p>4.gr.<\/p>\n\n\n\n<p>F\u00e9lagar geta or\u00f0i\u00f0 allir \u00feeir einstaklingar sem vilja vinna a\u00f0 b\u00e6ttri hundamenningu \u00e1 \u00cdslandi \u00ed samr\u00e6mi vi\u00f0 hlutverk og skuldbindingar f\u00e9lagsins samkv\u00e6mt l\u00f6gum \u00feessum. Fullgildir f\u00e9lagsmenn teljast \u00feeir sem skr\u00e1\u00f0ir eru \u00ed f\u00e9lagaskr\u00e1 1. jan\u00faar \u00e1r hvert og greitt hafa f\u00e9lagsgjald a.m.k. 15 d\u00f6gum fyrir a\u00f0alfund. Fullgildir f\u00e9lagar hafa atkv\u00e6\u00f0isr\u00e9tt og geta gefi\u00f0 kost \u00e1 s\u00e9r til stj\u00f3rnarset \u00e1 n\u00e6sta a\u00f0alfundi. N\u00fdir f\u00e9lagar sem ganga inn eftir 1. jan\u00faar \u00e1r hvert eru velkomnir \u00e1 a\u00f0alfund f\u00e9lagsins \u00fea\u00f0 \u00e1ri\u00f0 og hafa m\u00e1lfrelsi og till\u00f6gur\u00e9tt \u00e1 fundum f\u00e9lagsins. R\u00e9tt til a\u00f0 grei\u00f0a atkv\u00e6\u00f0i \u00e1 fundum f\u00e9lagsins og kj\u00f6rgengi \u00ed stj\u00f3rn og nefndir hafa einungis fullgildir f\u00e9lagar sem greitt hafa f\u00e9lagsgj\u00f6ld. F\u00e9lagsgj\u00f6ld skulu \u00e1kve\u00f0in \u00e1 a\u00f0alfundi \u00e1r hvert og eru innheimt \u00e1rlega.<\/p>\n\n\n\n<p>Stj\u00f3rn heldur f\u00e9lagaskr\u00e1 f\u00e9lagsins, s\u00e9r um samskipti vi\u00f0 f\u00e9lagsmenn og innheimtu f\u00e9lagsgjalds. F\u00e9lagaskr\u00e1 m\u00e1 ekki l\u00e1ta af hendi til \u00feri\u00f0ja a\u00f0ila, nema landsl\u00f6g standi til annars.<\/p>\n\n\n\n<p>F\u00e9lagsm\u00f6nnum er \u00f3heimilt a\u00f0 tj\u00e1 sig \u00e1 opinberum vettvangi \u00ed nafni f\u00e9lagsins nema me\u00f0 sam\u00feykki stj\u00f3rnar.<\/p>\n\n\n\n<p>5. gr.<\/p>\n\n\n\n<p>Reiknings\u00e1r f\u00e9lagsins er almanaks\u00e1ri\u00f0.<\/p>\n\n\n\n<p><strong>III Stj\u00f3rn f\u00e9lagsins.<\/strong><\/p>\n\n\n\n<p>6. gr.<\/p>\n\n\n\n<p>Stj\u00f3rn f\u00e9lagsins skal skipu\u00f0 \u00feremur til fimm stj\u00f3rnarm\u00f6nnum og allt a\u00f0 fimm varam\u00f6nnum kj\u00f6rnum \u00e1 a\u00f0alfundi til eins \u00e1rs \u00ed senn.&nbsp; Stj\u00f3rn f\u00e9lagsins annast \u00f6ll m\u00e1lefni \u00feess og er \u00ed forsvari f\u00e9lagsins \u00fat \u00e1 vi\u00f0.<\/p>\n\n\n\n<p>\u00c1 a\u00f0alfundi skal skipa formann og gjaldkera, auk eins til \u00feriggja me\u00f0stj\u00f3rnenda.<\/p>\n\n\n\n<p>Forma\u00f0ur er talsma\u00f0ur f\u00e9lagsins. Forma\u00f0ur bo\u00f0ar til stj\u00f3rnarfunda og hefur yfirumsj\u00f3n me\u00f0 allri starfsemi f\u00e9lagsins, skipulagi og rekstri \u00feess. Forma\u00f0ur getur fali\u00f0 stj\u00f3rnarm\u00f6nnum verkefni eftir \u00fev\u00ed sem vi\u00f0 \u00e1.<\/p>\n\n\n\n<p>Stj\u00f3rn skal halda fundarb\u00f3k, rita fundarger\u00f0ir f\u00e9lagsfunda og halda utan um \u00e1rssk\u00fdrslu f\u00e9lagsins.<\/p>\n\n\n\n<p>Gjaldkeri ber \u00e1byrg\u00f0 \u00e1 b\u00f3khaldi f\u00e9lagsins, s\u00e9r um innheimtu f\u00e9lagsgjalda og ger\u00f0 \u00e1rsreiknings.<\/p>\n\n\n\n<p>\u00c1 stj\u00f3rnarfundum r\u00e6\u00f0ur meirihluti atkv\u00e6\u00f0a \u00farslitum.<\/p>\n\n\n\n<p><strong>IV St\u00f6rf f\u00e9lagsins<\/strong><\/p>\n\n\n\n<p>7.gr.<\/p>\n\n\n\n<p>Stj\u00f3rn getur \u00f3ska\u00f0 eftir \u00fe\u00e1ttt\u00f6ku f\u00e9lagsmanna \u00ed starfsemi \u00feess og stofna\u00f0 nefndir e\u00f0a vinnuh\u00f3pa til lengri e\u00f0a skemmri t\u00edma, eftir \u00fev\u00ed sem verkefni e\u00f0a a\u00f0st\u00e6\u00f0ur gefa tilefni til.<\/p>\n\n\n\n<p>Stj\u00f3rn skal semja starfsreglur stj\u00f3rnar og endursko\u00f0a \u00fe\u00e6r reglulega.<\/p>\n\n\n\n<p><strong>V A\u00f0alfundur og kosningar.<\/strong><\/p>\n\n\n\n<p>8.gr.<\/p>\n\n\n\n<p>A\u00f0alfundur fer me\u00f0 \u00e6\u00f0sta vald \u00ed m\u00e1lefnum f\u00e9lagsins. A\u00f0alfund skal halda \u00e1rlega. Til hans skal bo\u00f0a me\u00f0 minnst 14 daga fyrirvara me\u00f0 augl\u00fdsingu \u00e1 heima- og f\u00e9sb\u00f3kars\u00ed\u00f0u f\u00e9lagsins. R\u00e9tt til setu \u00e1 a\u00f0alfundi eiga allir f\u00e9lagsmenn.<\/p>\n\n\n\n<p>\u00c1 a\u00f0alfundi skal stj\u00f3rn kynna \u00e1rssk\u00fdrslu \u00fear sem ger\u00f0 er grein fyrir st\u00f6rfum f\u00e9lagsins \u00e1 li\u00f0nu \u00e1ri, kynna till\u00f6gur um verkefni n\u00e6sta \u00e1rs og leggja fram \u00e1rsreikning f\u00e9lagsins til sam\u00feykktar.<\/p>\n\n\n\n<p>Lagabreytingar m\u00e1 a\u00f0eins gera me\u00f0 sam\u00feykki a\u00f0alfundar. Till\u00f6gur um lagabreytingar skulu sendar stj\u00f3rn a.m.k. viku fyrir bo\u00f0a\u00f0an a\u00f0alfund og kynntar \u00e1 heima- og f\u00e9sb\u00f3kars\u00ed\u00f0u f\u00e9lagsins a.m.k. 5 d\u00f6gum fyrir a\u00f0alfund.<\/p>\n\n\n\n<p>9.gr.<\/p>\n\n\n\n<p>Stj\u00f3rn f\u00e9lagsins skal kj\u00f6rin \u00e1 a\u00f0alfundi, \u00ed samr\u00e6mi vi\u00f0 6.gr.<\/p>\n\n\n\n<p>Frambo\u00f0 til stj\u00f3rnarsetu skal berast stj\u00f3rn a.m.k. viku fyrir bo\u00f0a\u00f0an a\u00f0alfund og kynnt \u00e1 heima- og f\u00e9sb\u00f3kars\u00ed\u00f0u f\u00e9lagsins a.m.k. 5 d\u00f6gum fyrir a\u00f0alfund.<\/p>\n\n\n\n<p>10.gr.<\/p>\n\n\n\n<p>Vi\u00f0 atkv\u00e6\u00f0agrei\u00f0slu \u00e1 a\u00f0alfundi gildir hreinn meirihluti atkv\u00e6\u00f0isb\u00e6rra f\u00e9lagsmanna sem \u00e1 fundinn eru skr\u00e1\u00f0ir en tvo \u00feri\u00f0ju hluta \u00feeirra \u00fearf til lagabreytinga og allra meirih\u00e1ttar breytinga \u00e1 stefnu f\u00e9lagsins.<\/p>\n\n\n\n<p><strong>VI Slit f\u00e9lagsins.<\/strong><\/p>\n\n\n\n<p>11.gr.<\/p>\n\n\n\n<p>\u00c1kv\u00f6r\u00f0un um f\u00e9lagsslit skal taka \u00e1 a\u00f0alfundi me\u00f0 sam\u00feykki minnst 75% allra fullgildra f\u00e9lagsmanna samkv\u00e6mt 4.gr. sem m\u00e6ttir eru \u00e1 a\u00f0alfund. Komi til f\u00e9lagsslita renna eignir f\u00e9lagsins til g\u00f3\u00f0ger\u00f0am\u00e1la tengdum m\u00e1lefnum d\u00fdra.<\/p>\n\n\n\n<h4 class=\"wp-block-heading\"><strong>Sam\u00feykkt \u00e1 a\u00f0alfundi 12. okt\u00f3ber 2019<\/strong><\/h4>\n","protected":false},"excerpt":{"rendered":"<p>I Heiti, hlutverk og skyldur. 1.gr. Nafn f\u00e9lagsins er F\u00e9lag \u00e1byrgra hundaeigenda. 2.gr. Heimili f\u00e9lagsins og varnar\u00feing er \u00ed Reykjav\u00edk. 3.gr. F\u00e9lagi\u00f0 er f\u00e9lag \u00e1hugamanna og stundar engan atvinnurekstur. Tilgangur f\u00e9lagsins er a\u00f0 vinna a\u00f0 b\u00e6ttum hag hunda og hundaeigenda m.a. me\u00f0 \u00fev\u00ed a\u00f0: a) vinna a\u00f0 b\u00e6ttri hundamenningu \u00e1 \u00cdslandi b) stu\u00f0la a\u00f0 fr\u00e6\u00f0slu [&hellip;]<\/p>\n","protected":false},"author":1,"featured_media":0,"parent":0,"menu_order":0,"comment_status":"closed","ping_status":"closed","template":"","meta":{"nf_dc_page":"","om_disable_all_campaigns":false,"footnotes":""},"class_list":["post-114","page","type-page","status-publish","hentry"],"yoast_head":"<!-- This site is optimized with the Yoast SEO plugin v27.4 - https:\/\/yoast.com\/product\/yoast-seo-wordpress\/ -->\n<title>L\u00f6g f\u00e9lagsins - F\u00e9lag \u00e1byrgra hundaeigenda<\/title>\n<meta name=\"robots\" content=\"index, follow, max-snippet:-1, max-image-preview:large, max-video-preview:-1\" \/>\n<link rel=\"canonical\" href=\"https:\/\/fah.is\/wordpress\/log-felagsins-2\/\" \/>\n<meta property=\"og:locale\" content=\"en_US\" \/>\n<meta property=\"og:type\" content=\"article\" \/>\n<meta property=\"og:title\" content=\"L\u00f6g f\u00e9lagsins - F\u00e9lag \u00e1byrgra hundaeigenda\" \/>\n<meta property=\"og:description\" content=\"I Heiti, hlutverk og skyldur. 1.gr. Nafn f\u00e9lagsins er F\u00e9lag \u00e1byrgra hundaeigenda. 2.gr. Heimili f\u00e9lagsins og varnar\u00feing er \u00ed Reykjav\u00edk. 3.gr. F\u00e9lagi\u00f0 er f\u00e9lag \u00e1hugamanna og stundar engan atvinnurekstur. Tilgangur f\u00e9lagsins er a\u00f0 vinna a\u00f0 b\u00e6ttum hag hunda og hundaeigenda m.a. me\u00f0 \u00fev\u00ed a\u00f0: a) vinna a\u00f0 b\u00e6ttri hundamenningu \u00e1 \u00cdslandi b) stu\u00f0la a\u00f0 fr\u00e6\u00f0slu [&hellip;]\" \/>\n<meta property=\"og:url\" content=\"https:\/\/fah.is\/wordpress\/log-felagsins-2\/\" \/>\n<meta property=\"og:site_name\" content=\"F\u00e9lag \u00e1byrgra hundaeigenda\" \/>\n<meta property=\"article:modified_time\" content=\"2023-08-10T11:20:51+00:00\" \/>\n<meta name=\"twitter:card\" content=\"summary_large_image\" \/>\n<meta name=\"twitter:label1\" content=\"Est. reading time\" \/>\n\t<meta name=\"twitter:data1\" content=\"3 minutes\" \/>\n<script type=\"application\/ld+json\" class=\"yoast-schema-graph\">{\"@context\":\"https:\\\/\\\/schema.org\",\"@graph\":[{\"@type\":\"WebPage\",\"@id\":\"https:\\\/\\\/fah.is\\\/wordpress\\\/log-felagsins-2\\\/\",\"url\":\"https:\\\/\\\/fah.is\\\/wordpress\\\/log-felagsins-2\\\/\",\"name\":\"L\u00f6g f\u00e9lagsins - F\u00e9lag \u00e1byrgra hundaeigenda\",\"isPartOf\":{\"@id\":\"http:\\\/\\\/fah.is\\\/wordpress\\\/#website\"},\"datePublished\":\"2023-08-10T10:04:54+00:00\",\"dateModified\":\"2023-08-10T11:20:51+00:00\",\"breadcrumb\":{\"@id\":\"https:\\\/\\\/fah.is\\\/wordpress\\\/log-felagsins-2\\\/#breadcrumb\"},\"inLanguage\":\"en-US\",\"potentialAction\":[{\"@type\":\"ReadAction\",\"target\":[\"https:\\\/\\\/fah.is\\\/wordpress\\\/log-felagsins-2\\\/\"]}]},{\"@type\":\"BreadcrumbList\",\"@id\":\"https:\\\/\\\/fah.is\\\/wordpress\\\/log-felagsins-2\\\/#breadcrumb\",\"itemListElement\":[{\"@type\":\"ListItem\",\"position\":1,\"name\":\"Home\",\"item\":\"https:\\\/\\\/fah.is\\\/wordpress\\\/\"},{\"@type\":\"ListItem\",\"position\":2,\"name\":\"L\u00f6g f\u00e9lagsins\"}]},{\"@type\":\"WebSite\",\"@id\":\"http:\\\/\\\/fah.is\\\/wordpress\\\/#website\",\"url\":\"http:\\\/\\\/fah.is\\\/wordpress\\\/\",\"name\":\"F\u00e9lag \u00e1byrgra hundaeigenda\",\"description\":\"Vefs\u00ed\u00f0a F\u00e9lags \u00e1byrgra hundaeigenda\",\"publisher\":{\"@id\":\"http:\\\/\\\/fah.is\\\/wordpress\\\/#organization\"},\"potentialAction\":[{\"@type\":\"SearchAction\",\"target\":{\"@type\":\"EntryPoint\",\"urlTemplate\":\"http:\\\/\\\/fah.is\\\/wordpress\\\/?s={search_term_string}\"},\"query-input\":{\"@type\":\"PropertyValueSpecification\",\"valueRequired\":true,\"valueName\":\"search_term_string\"}}],\"inLanguage\":\"en-US\"},{\"@type\":\"Organization\",\"@id\":\"http:\\\/\\\/fah.is\\\/wordpress\\\/#organization\",\"name\":\"F\u00e9lag \u00e1byrgra hundaeigenda\",\"url\":\"http:\\\/\\\/fah.is\\\/wordpress\\\/\",\"logo\":{\"@type\":\"ImageObject\",\"inLanguage\":\"en-US\",\"@id\":\"http:\\\/\\\/fah.is\\\/wordpress\\\/#\\\/schema\\\/logo\\\/image\\\/\",\"url\":\"https:\\\/\\\/i0.wp.com\\\/fah.is\\\/wordpress\\\/wp-content\\\/uploads\\\/2023\\\/01\\\/fah-hringur-white-shadow.png?fit=822%2C873&ssl=1\",\"contentUrl\":\"https:\\\/\\\/i0.wp.com\\\/fah.is\\\/wordpress\\\/wp-content\\\/uploads\\\/2023\\\/01\\\/fah-hringur-white-shadow.png?fit=822%2C873&ssl=1\",\"width\":822,\"height\":873,\"caption\":\"F\u00e9lag \u00e1byrgra hundaeigenda\"},\"image\":{\"@id\":\"http:\\\/\\\/fah.is\\\/wordpress\\\/#\\\/schema\\\/logo\\\/image\\\/\"}}]}<\/script>\n<!-- \/ Yoast SEO plugin. -->","yoast_head_json":{"title":"L\u00f6g f\u00e9lagsins - F\u00e9lag \u00e1byrgra hundaeigenda","robots":{"index":"index","follow":"follow","max-snippet":"max-snippet:-1","max-image-preview":"max-image-preview:large","max-video-preview":"max-video-preview:-1"},"canonical":"https:\/\/fah.is\/wordpress\/log-felagsins-2\/","og_locale":"en_US","og_type":"article","og_title":"L\u00f6g f\u00e9lagsins - F\u00e9lag \u00e1byrgra hundaeigenda","og_description":"I Heiti, hlutverk og skyldur. 1.gr. Nafn f\u00e9lagsins er F\u00e9lag \u00e1byrgra hundaeigenda. 2.gr. Heimili f\u00e9lagsins og varnar\u00feing er \u00ed Reykjav\u00edk. 3.gr. F\u00e9lagi\u00f0 er f\u00e9lag \u00e1hugamanna og stundar engan atvinnurekstur. Tilgangur f\u00e9lagsins er a\u00f0 vinna a\u00f0 b\u00e6ttum hag hunda og hundaeigenda m.a. me\u00f0 \u00fev\u00ed a\u00f0: a) vinna a\u00f0 b\u00e6ttri hundamenningu \u00e1 \u00cdslandi b) stu\u00f0la a\u00f0 fr\u00e6\u00f0slu [&hellip;]","og_url":"https:\/\/fah.is\/wordpress\/log-felagsins-2\/","og_site_name":"F\u00e9lag \u00e1byrgra hundaeigenda","article_modified_time":"2023-08-10T11:20:51+00:00","twitter_card":"summary_large_image","twitter_misc":{"Est. reading time":"3 minutes"},"schema":{"@context":"https:\/\/schema.org","@graph":[{"@type":"WebPage","@id":"https:\/\/fah.is\/wordpress\/log-felagsins-2\/","url":"https:\/\/fah.is\/wordpress\/log-felagsins-2\/","name":"L\u00f6g f\u00e9lagsins - F\u00e9lag \u00e1byrgra hundaeigenda","isPartOf":{"@id":"http:\/\/fah.is\/wordpress\/#website"},"datePublished":"2023-08-10T10:04:54+00:00","dateModified":"2023-08-10T11:20:51+00:00","breadcrumb":{"@id":"https:\/\/fah.is\/wordpress\/log-felagsins-2\/#breadcrumb"},"inLanguage":"en-US","potentialAction":[{"@type":"ReadAction","target":["https:\/\/fah.is\/wordpress\/log-felagsins-2\/"]}]},{"@type":"BreadcrumbList","@id":"https:\/\/fah.is\/wordpress\/log-felagsins-2\/#breadcrumb","itemListElement":[{"@type":"ListItem","position":1,"name":"Home","item":"https:\/\/fah.is\/wordpress\/"},{"@type":"ListItem","position":2,"name":"L\u00f6g f\u00e9lagsins"}]},{"@type":"WebSite","@id":"http:\/\/fah.is\/wordpress\/#website","url":"http:\/\/fah.is\/wordpress\/","name":"F\u00e9lag \u00e1byrgra hundaeigenda","description":"Vefs\u00ed\u00f0a F\u00e9lags \u00e1byrgra hundaeigenda","publisher":{"@id":"http:\/\/fah.is\/wordpress\/#organization"},"potentialAction":[{"@type":"SearchAction","target":{"@type":"EntryPoint","urlTemplate":"http:\/\/fah.is\/wordpress\/?s={search_term_string}"},"query-input":{"@type":"PropertyValueSpecification","valueRequired":true,"valueName":"search_term_string"}}],"inLanguage":"en-US"},{"@type":"Organization","@id":"http:\/\/fah.is\/wordpress\/#organization","name":"F\u00e9lag \u00e1byrgra hundaeigenda","url":"http:\/\/fah.is\/wordpress\/","logo":{"@type":"ImageObject","inLanguage":"en-US","@id":"http:\/\/fah.is\/wordpress\/#\/schema\/logo\/image\/","url":"https:\/\/i0.wp.com\/fah.is\/wordpress\/wp-content\/uploads\/2023\/01\/fah-hringur-white-shadow.png?fit=822%2C873&ssl=1","contentUrl":"https:\/\/i0.wp.com\/fah.is\/wordpress\/wp-content\/uploads\/2023\/01\/fah-hringur-white-shadow.png?fit=822%2C873&ssl=1","width":822,"height":873,"caption":"F\u00e9lag \u00e1byrgra hundaeigenda"},"image":{"@id":"http:\/\/fah.is\/wordpress\/#\/schema\/logo\/image\/"}}]}},"jetpack_sharing_enabled":true,"_links":{"self":[{"href":"https:\/\/fah.is\/wordpress\/wp-json\/wp\/v2\/pages\/114","targetHints":{"allow":["GET"]}}],"collection":[{"href":"https:\/\/fah.is\/wordpress\/wp-json\/wp\/v2\/pages"}],"about":[{"href":"https:\/\/fah.is\/wordpress\/wp-json\/wp\/v2\/types\/page"}],"author":[{"embeddable":true,"href":"https:\/\/fah.is\/wordpress\/wp-json\/wp\/v2\/users\/1"}],"replies":[{"embeddable":true,"href":"https:\/\/fah.is\/wordpress\/wp-json\/wp\/v2\/comments?post=114"}],"version-history":[{"count":2,"href":"https:\/\/fah.is\/wordpress\/wp-json\/wp\/v2\/pages\/114\/revisions"}],"predecessor-version":[{"id":177,"href":"https:\/\/fah.is\/wordpress\/wp-json\/wp\/v2\/pages\/114\/revisions\/177"}],"wp:attachment":[{"href":"https:\/\/fah.is\/wordpress\/wp-json\/wp\/v2\/media?parent=114"}],"curies":[{"name":"wp","href":"https:\/\/api.w.org\/{rel}","templated":true}]}}