{"id":112,"date":"2023-08-10T10:04:37","date_gmt":"2023-08-10T10:04:37","guid":{"rendered":"https:\/\/fah.is\/wordpress\/?page_id=112"},"modified":"2023-08-11T00:39:33","modified_gmt":"2023-08-11T00:39:33","slug":"stjorn-felagsins","status":"publish","type":"page","link":"https:\/\/fah.is\/wordpress\/stjorn-felagsins\/","title":{"rendered":"Stj\u00f3rn f\u00e9lagsins"},"content":{"rendered":"\n<p><strong>Freyja Kristinsd\u00f3ttir<\/strong><\/p>\n\n\n\n<p>\u00c9g hef haft \u00e1huga \u00e1 d\u00fdrum alla m\u00edna \u00e6vi og \u00e1 n\u00fana border terr\u00eder t\u00edkina Dimmalimm. \u00c9g l\u00e6r\u00f0i d\u00fdral\u00e6kningar \u00ed Danm\u00f6rku og hunda\u00fej\u00e1lfun \u00ed Bretlandi, og hef \u00fev\u00ed b\u00fai\u00f0 \u00ed allm\u00f6rg \u00e1r utan landssteinana.<\/p>\n\n\n\n<p><\/p>\n\n\n\n<p>Eftir a\u00f0 \u00e9g flutti til \u00cdslands sakna\u00f0i \u00e9g \u00feeirrar hundamenningar sem \u00e9g kynntist \u00fati og \u00e9g vildi gera eitthva\u00f0 \u00ed m\u00e1lunum. \u00c9g var einn af stofnendum F\u00c1H \u00e1ri\u00f0 2012 og var forma\u00f0ur f\u00e9lagsins fyrstu 3 \u00e1rin. Eftir a\u00f0 hafa kynnst af eigin raun, hundahaldi \u00ed Danm\u00f6rku, Bretlandi og \u00de\u00fdskalandi, hef \u00e9g or\u00f0i\u00f0 \u00f6tull talsma\u00f0ur \u00feess a\u00f0 vi\u00f0horf til hundahalds \u00e1 \u00cdslandi s\u00e9 t\u00edmaskekkja, og mikil \u00fe\u00f6rf s\u00e9 \u00e1 breytingum.<\/p>\n\n\n\n<p>\u00dea\u00f0 er von m\u00edn a\u00f0 F\u00c1H n\u00e1i a\u00f0 sameina hundaeigendur \u00ed bar\u00e1ttunni a\u00f0 b\u00e6ttri hundamenningu \u00e1 \u00cdslandi.&nbsp;<\/p>\n\n\n\n<p><strong>Stef\u00e1n Helgi Kristinsson<\/strong><\/p>\n\n\n\n<p>\u00c9g hef alltaf haft \u00e1huga \u00e1 d\u00fdrum en \u00f3lst samt ekki upp \u00e1 g\u00e6lud\u00fdraheimili.&nbsp; \u00c1ri\u00f0 2011 kom svo h\u00fan Venus inn \u00ed l\u00edf mitt og gj\u00f6rbreytti til hins betra.&nbsp; H\u00fan var\u00f0 til \u00feess a\u00f0 \u00e9g vann bug \u00e1 miklu \u00feunglyndi og kv\u00ed\u00f0at\u00edmabili og vil \u00e9g meina a\u00f0 h\u00fan hafi bjarga\u00f0 l\u00edfi m\u00ednu.<\/p>\n\n\n\n<p>\u00dea\u00f0 kom m\u00e9r hinsvegar mj\u00f6g \u00e1 \u00f3vart a\u00f0 me\u00f0 \u00fev\u00ed a\u00f0 eignast 4ja loppa fj\u00f6lskyldume\u00f0lim a\u00f0 \u00fe\u00e1 var eins og ma\u00f0ur hafi dotti\u00f0 ni\u00f0ur um flokk.&nbsp; Allt \u00ed einu leyf\u00f0i f\u00f3lk s\u00e9r a\u00f0 hreyta \u00f3kv\u00e6\u00f0isor\u00f0um a\u00f0 manni og hundinum a\u00f0 tilefnislausu.&nbsp; En \u00e1 m\u00f3ti eru l\u00edka margir sem hafa \u00e1huga \u00e1 a\u00f0 heilsa upp\u00e1 Venus \u00e1 f\u00f6rnum vegi og \u00e1standi\u00f0 hefur sk\u00e1na\u00f0 \u00e1 undanf\u00f6rnum \u00e1rum.&nbsp; Aftur \u00e1 m\u00f3ti er miki\u00f0 verk \u00f3unni\u00f0 \u00feegar kemur a\u00f0 stj\u00f3rnkerfinu,&nbsp; hundaeftirliti\u00f0 er dj\u00f3k og \u00fea\u00f0 a\u00f0 fj\u00f6lskyldur f\u00e1i ekki h\u00fasn\u00e6\u00f0i vegna \u00feess a\u00f0 fj\u00f6lskyldume\u00f0limur er me\u00f0 fj\u00f3rar loppur er algj\u00f6rlega \u00f3l\u00ed\u00f0andi forneskja.<\/p>\n\n\n\n<p>\u00deess vegna ger\u00f0ist \u00e9g me\u00f0limur \u00ed F\u00c1H og enda\u00f0i svo \u00ed stj\u00f3rn f\u00e9lagsins. \ud83d\ude42<\/p>\n\n\n\n<p><strong>Gu\u00f0finna Kristinsd\u00f3ttir<\/strong><\/p>\n\n\n\n<p>\u00c9g er 22ja \u00e1ra h\u00f6nnu\u00f0ur, \u00e9g er me\u00f0stj\u00f3rnandi Hundasamf\u00e9lagsins \u00e1 Facebook og \u00e1 yndislegan l\u00edtinn Alaskan Malamute rakka sem heitir Tyrael, sem merkir engill r\u00e9ttl\u00e6tis. Auglj\u00f3slega er \u00e9g d\u00fdramanneskja, \u00e9g f\u00e9kk ekkert um neitt anna\u00f0 r\u00e1\u00f0i\u00f0.<\/p>\n\n\n\n<p>\u00c9g \u00f3lst upp me\u00f0 hundi sem var einu \u00e1ri eldri en \u00e9g, hann var minn besti vinur og var partur af fj\u00f6lskyldunni, m\u00e9r var eiginlega gefin s\u00fa v\u00f6ggugj\u00f6f a\u00f0 \u00feykja v\u00e6nt um og l\u00e6ra a\u00f0 vera vir\u00f0ingu fyrir d\u00fdrum. Eftir a\u00f0 hann Kolur minn besti vinur til 13 \u00e1ra f\u00e9ll fr\u00e1 neitu\u00f0u foreldrar m\u00ednir a\u00f0 f\u00e1 s\u00e9r annan hund, vi\u00f0 fluttum til Reykjav\u00edkur \u00far sveitinni og \u00fea\u00f0 li\u00f0u 7 \u00e1r \u00fear til \u00e9g gat fengi\u00f0 m\u00e9r annan hund, e\u00f0a \u00feegar \u00e9g keypti m\u00edna eigin \u00edb\u00fa\u00f0, \u00fear sem \u00e9g vissi a\u00f0 minn n\u00e6sti fj\u00f6lskyldume\u00f0limur yr\u00f0i ekki fyrir \u00fev\u00ed \u00f3jafnr\u00e9tti a\u00f0 geta jafnvel ekki fylgt okkur \u00e1 n\u00e6sta sta\u00f0.<\/p>\n\n\n\n<p><strong>Arnfr\u00ed\u00f0ur Inga Arnmundsd\u00f3ttir<\/strong><\/p>\n\n\n\n<p><strong>\u00deorsteinn K. Kristinsson<\/strong><\/p>\n","protected":false},"excerpt":{"rendered":"<p>Freyja Kristinsd\u00f3ttir \u00c9g hef haft \u00e1huga \u00e1 d\u00fdrum alla m\u00edna \u00e6vi og \u00e1 n\u00fana border terr\u00eder t\u00edkina Dimmalimm. \u00c9g l\u00e6r\u00f0i d\u00fdral\u00e6kningar \u00ed Danm\u00f6rku og hunda\u00fej\u00e1lfun \u00ed Bretlandi, og hef \u00fev\u00ed b\u00fai\u00f0 \u00ed allm\u00f6rg \u00e1r utan landssteinana. Eftir a\u00f0 \u00e9g flutti til \u00cdslands sakna\u00f0i \u00e9g \u00feeirrar hundamenningar sem \u00e9g kynntist \u00fati og \u00e9g vildi gera eitthva\u00f0 [&hellip;]<\/p>\n","protected":false},"author":1,"featured_media":0,"parent":0,"menu_order":0,"comment_status":"closed","ping_status":"closed","template":"","meta":{"nf_dc_page":"","om_disable_all_campaigns":false,"footnotes":""},"class_list":["post-112","page","type-page","status-publish","hentry"],"yoast_head":"<!-- This site is optimized with the Yoast SEO plugin v27.4 - https:\/\/yoast.com\/product\/yoast-seo-wordpress\/ -->\n<title>Stj\u00f3rn f\u00e9lagsins - F\u00e9lag \u00e1byrgra hundaeigenda<\/title>\n<meta name=\"robots\" content=\"index, follow, max-snippet:-1, max-image-preview:large, max-video-preview:-1\" \/>\n<link rel=\"canonical\" href=\"https:\/\/fah.is\/wordpress\/stjorn-felagsins\/\" \/>\n<meta property=\"og:locale\" content=\"en_US\" \/>\n<meta property=\"og:type\" content=\"article\" \/>\n<meta property=\"og:title\" content=\"Stj\u00f3rn f\u00e9lagsins - F\u00e9lag \u00e1byrgra hundaeigenda\" \/>\n<meta property=\"og:description\" content=\"Freyja Kristinsd\u00f3ttir \u00c9g hef haft \u00e1huga \u00e1 d\u00fdrum alla m\u00edna \u00e6vi og \u00e1 n\u00fana border terr\u00eder t\u00edkina Dimmalimm. \u00c9g l\u00e6r\u00f0i d\u00fdral\u00e6kningar \u00ed Danm\u00f6rku og hunda\u00fej\u00e1lfun \u00ed Bretlandi, og hef \u00fev\u00ed b\u00fai\u00f0 \u00ed allm\u00f6rg \u00e1r utan landssteinana. Eftir a\u00f0 \u00e9g flutti til \u00cdslands sakna\u00f0i \u00e9g \u00feeirrar hundamenningar sem \u00e9g kynntist \u00fati og \u00e9g vildi gera eitthva\u00f0 [&hellip;]\" \/>\n<meta property=\"og:url\" content=\"https:\/\/fah.is\/wordpress\/stjorn-felagsins\/\" \/>\n<meta property=\"og:site_name\" content=\"F\u00e9lag \u00e1byrgra hundaeigenda\" \/>\n<meta property=\"article:modified_time\" content=\"2023-08-11T00:39:33+00:00\" \/>\n<meta name=\"twitter:card\" content=\"summary_large_image\" \/>\n<meta name=\"twitter:label1\" content=\"Est. reading time\" \/>\n\t<meta name=\"twitter:data1\" content=\"2 minutes\" \/>\n<script type=\"application\/ld+json\" class=\"yoast-schema-graph\">{\"@context\":\"https:\\\/\\\/schema.org\",\"@graph\":[{\"@type\":\"WebPage\",\"@id\":\"https:\\\/\\\/fah.is\\\/wordpress\\\/stjorn-felagsins\\\/\",\"url\":\"https:\\\/\\\/fah.is\\\/wordpress\\\/stjorn-felagsins\\\/\",\"name\":\"Stj\u00f3rn f\u00e9lagsins - F\u00e9lag \u00e1byrgra hundaeigenda\",\"isPartOf\":{\"@id\":\"http:\\\/\\\/fah.is\\\/wordpress\\\/#website\"},\"datePublished\":\"2023-08-10T10:04:37+00:00\",\"dateModified\":\"2023-08-11T00:39:33+00:00\",\"breadcrumb\":{\"@id\":\"https:\\\/\\\/fah.is\\\/wordpress\\\/stjorn-felagsins\\\/#breadcrumb\"},\"inLanguage\":\"en-US\",\"potentialAction\":[{\"@type\":\"ReadAction\",\"target\":[\"https:\\\/\\\/fah.is\\\/wordpress\\\/stjorn-felagsins\\\/\"]}]},{\"@type\":\"BreadcrumbList\",\"@id\":\"https:\\\/\\\/fah.is\\\/wordpress\\\/stjorn-felagsins\\\/#breadcrumb\",\"itemListElement\":[{\"@type\":\"ListItem\",\"position\":1,\"name\":\"Home\",\"item\":\"https:\\\/\\\/fah.is\\\/wordpress\\\/\"},{\"@type\":\"ListItem\",\"position\":2,\"name\":\"Stj\u00f3rn f\u00e9lagsins\"}]},{\"@type\":\"WebSite\",\"@id\":\"http:\\\/\\\/fah.is\\\/wordpress\\\/#website\",\"url\":\"http:\\\/\\\/fah.is\\\/wordpress\\\/\",\"name\":\"F\u00e9lag \u00e1byrgra hundaeigenda\",\"description\":\"Vefs\u00ed\u00f0a F\u00e9lags \u00e1byrgra hundaeigenda\",\"publisher\":{\"@id\":\"http:\\\/\\\/fah.is\\\/wordpress\\\/#organization\"},\"potentialAction\":[{\"@type\":\"SearchAction\",\"target\":{\"@type\":\"EntryPoint\",\"urlTemplate\":\"http:\\\/\\\/fah.is\\\/wordpress\\\/?s={search_term_string}\"},\"query-input\":{\"@type\":\"PropertyValueSpecification\",\"valueRequired\":true,\"valueName\":\"search_term_string\"}}],\"inLanguage\":\"en-US\"},{\"@type\":\"Organization\",\"@id\":\"http:\\\/\\\/fah.is\\\/wordpress\\\/#organization\",\"name\":\"F\u00e9lag \u00e1byrgra hundaeigenda\",\"url\":\"http:\\\/\\\/fah.is\\\/wordpress\\\/\",\"logo\":{\"@type\":\"ImageObject\",\"inLanguage\":\"en-US\",\"@id\":\"http:\\\/\\\/fah.is\\\/wordpress\\\/#\\\/schema\\\/logo\\\/image\\\/\",\"url\":\"https:\\\/\\\/i0.wp.com\\\/fah.is\\\/wordpress\\\/wp-content\\\/uploads\\\/2023\\\/01\\\/fah-hringur-white-shadow.png?fit=822%2C873&ssl=1\",\"contentUrl\":\"https:\\\/\\\/i0.wp.com\\\/fah.is\\\/wordpress\\\/wp-content\\\/uploads\\\/2023\\\/01\\\/fah-hringur-white-shadow.png?fit=822%2C873&ssl=1\",\"width\":822,\"height\":873,\"caption\":\"F\u00e9lag \u00e1byrgra hundaeigenda\"},\"image\":{\"@id\":\"http:\\\/\\\/fah.is\\\/wordpress\\\/#\\\/schema\\\/logo\\\/image\\\/\"}}]}<\/script>\n<!-- \/ Yoast SEO plugin. -->","yoast_head_json":{"title":"Stj\u00f3rn f\u00e9lagsins - F\u00e9lag \u00e1byrgra hundaeigenda","robots":{"index":"index","follow":"follow","max-snippet":"max-snippet:-1","max-image-preview":"max-image-preview:large","max-video-preview":"max-video-preview:-1"},"canonical":"https:\/\/fah.is\/wordpress\/stjorn-felagsins\/","og_locale":"en_US","og_type":"article","og_title":"Stj\u00f3rn f\u00e9lagsins - F\u00e9lag \u00e1byrgra hundaeigenda","og_description":"Freyja Kristinsd\u00f3ttir \u00c9g hef haft \u00e1huga \u00e1 d\u00fdrum alla m\u00edna \u00e6vi og \u00e1 n\u00fana border terr\u00eder t\u00edkina Dimmalimm. \u00c9g l\u00e6r\u00f0i d\u00fdral\u00e6kningar \u00ed Danm\u00f6rku og hunda\u00fej\u00e1lfun \u00ed Bretlandi, og hef \u00fev\u00ed b\u00fai\u00f0 \u00ed allm\u00f6rg \u00e1r utan landssteinana. Eftir a\u00f0 \u00e9g flutti til \u00cdslands sakna\u00f0i \u00e9g \u00feeirrar hundamenningar sem \u00e9g kynntist \u00fati og \u00e9g vildi gera eitthva\u00f0 [&hellip;]","og_url":"https:\/\/fah.is\/wordpress\/stjorn-felagsins\/","og_site_name":"F\u00e9lag \u00e1byrgra hundaeigenda","article_modified_time":"2023-08-11T00:39:33+00:00","twitter_card":"summary_large_image","twitter_misc":{"Est. reading time":"2 minutes"},"schema":{"@context":"https:\/\/schema.org","@graph":[{"@type":"WebPage","@id":"https:\/\/fah.is\/wordpress\/stjorn-felagsins\/","url":"https:\/\/fah.is\/wordpress\/stjorn-felagsins\/","name":"Stj\u00f3rn f\u00e9lagsins - F\u00e9lag \u00e1byrgra hundaeigenda","isPartOf":{"@id":"http:\/\/fah.is\/wordpress\/#website"},"datePublished":"2023-08-10T10:04:37+00:00","dateModified":"2023-08-11T00:39:33+00:00","breadcrumb":{"@id":"https:\/\/fah.is\/wordpress\/stjorn-felagsins\/#breadcrumb"},"inLanguage":"en-US","potentialAction":[{"@type":"ReadAction","target":["https:\/\/fah.is\/wordpress\/stjorn-felagsins\/"]}]},{"@type":"BreadcrumbList","@id":"https:\/\/fah.is\/wordpress\/stjorn-felagsins\/#breadcrumb","itemListElement":[{"@type":"ListItem","position":1,"name":"Home","item":"https:\/\/fah.is\/wordpress\/"},{"@type":"ListItem","position":2,"name":"Stj\u00f3rn f\u00e9lagsins"}]},{"@type":"WebSite","@id":"http:\/\/fah.is\/wordpress\/#website","url":"http:\/\/fah.is\/wordpress\/","name":"F\u00e9lag \u00e1byrgra hundaeigenda","description":"Vefs\u00ed\u00f0a F\u00e9lags \u00e1byrgra hundaeigenda","publisher":{"@id":"http:\/\/fah.is\/wordpress\/#organization"},"potentialAction":[{"@type":"SearchAction","target":{"@type":"EntryPoint","urlTemplate":"http:\/\/fah.is\/wordpress\/?s={search_term_string}"},"query-input":{"@type":"PropertyValueSpecification","valueRequired":true,"valueName":"search_term_string"}}],"inLanguage":"en-US"},{"@type":"Organization","@id":"http:\/\/fah.is\/wordpress\/#organization","name":"F\u00e9lag \u00e1byrgra hundaeigenda","url":"http:\/\/fah.is\/wordpress\/","logo":{"@type":"ImageObject","inLanguage":"en-US","@id":"http:\/\/fah.is\/wordpress\/#\/schema\/logo\/image\/","url":"https:\/\/i0.wp.com\/fah.is\/wordpress\/wp-content\/uploads\/2023\/01\/fah-hringur-white-shadow.png?fit=822%2C873&ssl=1","contentUrl":"https:\/\/i0.wp.com\/fah.is\/wordpress\/wp-content\/uploads\/2023\/01\/fah-hringur-white-shadow.png?fit=822%2C873&ssl=1","width":822,"height":873,"caption":"F\u00e9lag \u00e1byrgra hundaeigenda"},"image":{"@id":"http:\/\/fah.is\/wordpress\/#\/schema\/logo\/image\/"}}]}},"jetpack_sharing_enabled":true,"_links":{"self":[{"href":"https:\/\/fah.is\/wordpress\/wp-json\/wp\/v2\/pages\/112","targetHints":{"allow":["GET"]}}],"collection":[{"href":"https:\/\/fah.is\/wordpress\/wp-json\/wp\/v2\/pages"}],"about":[{"href":"https:\/\/fah.is\/wordpress\/wp-json\/wp\/v2\/types\/page"}],"author":[{"embeddable":true,"href":"https:\/\/fah.is\/wordpress\/wp-json\/wp\/v2\/users\/1"}],"replies":[{"embeddable":true,"href":"https:\/\/fah.is\/wordpress\/wp-json\/wp\/v2\/comments?post=112"}],"version-history":[{"count":4,"href":"https:\/\/fah.is\/wordpress\/wp-json\/wp\/v2\/pages\/112\/revisions"}],"predecessor-version":[{"id":295,"href":"https:\/\/fah.is\/wordpress\/wp-json\/wp\/v2\/pages\/112\/revisions\/295"}],"wp:attachment":[{"href":"https:\/\/fah.is\/wordpress\/wp-json\/wp\/v2\/media?parent=112"}],"curies":[{"name":"wp","href":"https:\/\/api.w.org\/{rel}","templated":true}]}}