{"id":108,"date":"2023-08-10T10:03:50","date_gmt":"2023-08-10T10:03:50","guid":{"rendered":"https:\/\/fah.is\/wordpress\/?page_id=108"},"modified":"2023-08-10T11:06:01","modified_gmt":"2023-08-10T11:06:01","slug":"hundar-i-straeto","status":"publish","type":"page","link":"https:\/\/fah.is\/wordpress\/hundar-i-straeto\/","title":{"rendered":"Hundar \u00ed Str\u00e6t\u00f3"},"content":{"rendered":"\n<p>F\u00c1H haf\u00f0i um \u00e1rabil bent \u00e1 a\u00f0 bann vi\u00f0 hundum \u00ed str\u00e6t\u00f3 k\u00e6mi ni\u00f0ur \u00e1 \u00f6ryrkjum, \u00f6ldru\u00f0um, l\u00e1gtekjuf\u00f3lki og \u00feeim sem vilja gr\u00e6nan l\u00edfsst\u00edl og sleppa einkab\u00edl. \u00c1ri\u00f0 2016 var \u00fea\u00f0 \u00ed sko\u00f0un hj\u00e1 Umhverfis og au\u00f0lindar\u00e1\u00f0uneytinu a\u00f0 gefa undan\u00fe\u00e1gu \u00e1 banni \u00e1 hundum \u00ed almenningssamg\u00f6ngum. L\u00edti\u00f0 heyr\u00f0ist \u00fe\u00f3 fr\u00e1 R\u00e1\u00f0uneytinu og F\u00c1H sendi br\u00e9f \u00e1 r\u00e1\u00f0uneyti\u00f0 \u00ed desember 2016. \u00de\u00e1 fengust \u00feau sv\u00f6r a\u00f0 m\u00e1li\u00f0 v\u00e6ri \u00ed vinnslu og F\u00c1H v\u00e6ri velkomi\u00f0 a\u00f0 senda inn ums\u00f6gn. F\u00c1H sendi ums\u00f6gn s\u00edna \u00ed mars 2017.<\/p>\n\n\n\n<p>Flj\u00f3tlega \u00ed kj\u00f6lfari\u00f0 var skipu\u00f0 nefnd hagsmunaa\u00f0ila, og fengu Rakel Linda Kristj\u00e1nsd\u00f3ttir \u00fe\u00e1verandi forma\u00f0ur F\u00c1H og Gu\u00f0finna Kristinsd\u00f3ttir stj\u00f3rnarma\u00f0ur \u00ed F\u00c1H s\u00e6ti \u00ed nefndinni. Nefndin funda\u00f0i um m\u00e1li\u00f0 \u00ed t\u00e6pt \u00e1r sem enda\u00f0i me\u00f0 kosninum, og hundar voru sam\u00feykktir \u00ed str\u00e6t\u00f3 sem tilraunaverkefni til eins \u00e1rs.<\/p>\n\n\n\n<p>Tilraunaverkefni\u00f0 h\u00f3fst 1.mars 2018 og gekk svo vel a\u00f0 leyfi\u00f0 stendur enn.<\/p>\n","protected":false},"excerpt":{"rendered":"<p>F\u00c1H haf\u00f0i um \u00e1rabil bent \u00e1 a\u00f0 bann vi\u00f0 hundum \u00ed str\u00e6t\u00f3 k\u00e6mi ni\u00f0ur \u00e1 \u00f6ryrkjum, \u00f6ldru\u00f0um, l\u00e1gtekjuf\u00f3lki og \u00feeim sem vilja gr\u00e6nan l\u00edfsst\u00edl og sleppa einkab\u00edl. \u00c1ri\u00f0 2016 var \u00fea\u00f0 \u00ed sko\u00f0un hj\u00e1 Umhverfis og au\u00f0lindar\u00e1\u00f0uneytinu a\u00f0 gefa undan\u00fe\u00e1gu \u00e1 banni \u00e1 hundum \u00ed almenningssamg\u00f6ngum. L\u00edti\u00f0 heyr\u00f0ist \u00fe\u00f3 fr\u00e1 R\u00e1\u00f0uneytinu og F\u00c1H sendi br\u00e9f [&hellip;]<\/p>\n","protected":false},"author":1,"featured_media":0,"parent":0,"menu_order":0,"comment_status":"closed","ping_status":"closed","template":"","meta":{"nf_dc_page":"","om_disable_all_campaigns":false,"footnotes":""},"class_list":["post-108","page","type-page","status-publish","hentry"],"yoast_head":"<!-- This site is optimized with the Yoast SEO plugin v27.4 - https:\/\/yoast.com\/product\/yoast-seo-wordpress\/ -->\n<title>Hundar \u00ed Str\u00e6t\u00f3 - F\u00e9lag \u00e1byrgra hundaeigenda<\/title>\n<meta name=\"robots\" content=\"index, follow, max-snippet:-1, max-image-preview:large, max-video-preview:-1\" \/>\n<link rel=\"canonical\" href=\"https:\/\/fah.is\/wordpress\/hundar-i-straeto\/\" \/>\n<meta property=\"og:locale\" content=\"en_US\" \/>\n<meta property=\"og:type\" content=\"article\" \/>\n<meta property=\"og:title\" content=\"Hundar \u00ed Str\u00e6t\u00f3 - F\u00e9lag \u00e1byrgra hundaeigenda\" \/>\n<meta property=\"og:description\" content=\"F\u00c1H haf\u00f0i um \u00e1rabil bent \u00e1 a\u00f0 bann vi\u00f0 hundum \u00ed str\u00e6t\u00f3 k\u00e6mi ni\u00f0ur \u00e1 \u00f6ryrkjum, \u00f6ldru\u00f0um, l\u00e1gtekjuf\u00f3lki og \u00feeim sem vilja gr\u00e6nan l\u00edfsst\u00edl og sleppa einkab\u00edl. \u00c1ri\u00f0 2016 var \u00fea\u00f0 \u00ed sko\u00f0un hj\u00e1 Umhverfis og au\u00f0lindar\u00e1\u00f0uneytinu a\u00f0 gefa undan\u00fe\u00e1gu \u00e1 banni \u00e1 hundum \u00ed almenningssamg\u00f6ngum. L\u00edti\u00f0 heyr\u00f0ist \u00fe\u00f3 fr\u00e1 R\u00e1\u00f0uneytinu og F\u00c1H sendi br\u00e9f [&hellip;]\" \/>\n<meta property=\"og:url\" content=\"https:\/\/fah.is\/wordpress\/hundar-i-straeto\/\" \/>\n<meta property=\"og:site_name\" content=\"F\u00e9lag \u00e1byrgra hundaeigenda\" \/>\n<meta property=\"article:modified_time\" content=\"2023-08-10T11:06:01+00:00\" \/>\n<meta name=\"twitter:card\" content=\"summary_large_image\" \/>\n<meta name=\"twitter:label1\" content=\"Est. reading time\" \/>\n\t<meta name=\"twitter:data1\" content=\"1 minute\" \/>\n<script type=\"application\/ld+json\" class=\"yoast-schema-graph\">{\"@context\":\"https:\\\/\\\/schema.org\",\"@graph\":[{\"@type\":\"WebPage\",\"@id\":\"https:\\\/\\\/fah.is\\\/wordpress\\\/hundar-i-straeto\\\/\",\"url\":\"https:\\\/\\\/fah.is\\\/wordpress\\\/hundar-i-straeto\\\/\",\"name\":\"Hundar \u00ed Str\u00e6t\u00f3 - F\u00e9lag \u00e1byrgra hundaeigenda\",\"isPartOf\":{\"@id\":\"http:\\\/\\\/fah.is\\\/wordpress\\\/#website\"},\"datePublished\":\"2023-08-10T10:03:50+00:00\",\"dateModified\":\"2023-08-10T11:06:01+00:00\",\"breadcrumb\":{\"@id\":\"https:\\\/\\\/fah.is\\\/wordpress\\\/hundar-i-straeto\\\/#breadcrumb\"},\"inLanguage\":\"en-US\",\"potentialAction\":[{\"@type\":\"ReadAction\",\"target\":[\"https:\\\/\\\/fah.is\\\/wordpress\\\/hundar-i-straeto\\\/\"]}]},{\"@type\":\"BreadcrumbList\",\"@id\":\"https:\\\/\\\/fah.is\\\/wordpress\\\/hundar-i-straeto\\\/#breadcrumb\",\"itemListElement\":[{\"@type\":\"ListItem\",\"position\":1,\"name\":\"Home\",\"item\":\"https:\\\/\\\/fah.is\\\/wordpress\\\/\"},{\"@type\":\"ListItem\",\"position\":2,\"name\":\"Hundar \u00ed Str\u00e6t\u00f3\"}]},{\"@type\":\"WebSite\",\"@id\":\"http:\\\/\\\/fah.is\\\/wordpress\\\/#website\",\"url\":\"http:\\\/\\\/fah.is\\\/wordpress\\\/\",\"name\":\"F\u00e9lag \u00e1byrgra hundaeigenda\",\"description\":\"Vefs\u00ed\u00f0a F\u00e9lags \u00e1byrgra hundaeigenda\",\"publisher\":{\"@id\":\"http:\\\/\\\/fah.is\\\/wordpress\\\/#organization\"},\"potentialAction\":[{\"@type\":\"SearchAction\",\"target\":{\"@type\":\"EntryPoint\",\"urlTemplate\":\"http:\\\/\\\/fah.is\\\/wordpress\\\/?s={search_term_string}\"},\"query-input\":{\"@type\":\"PropertyValueSpecification\",\"valueRequired\":true,\"valueName\":\"search_term_string\"}}],\"inLanguage\":\"en-US\"},{\"@type\":\"Organization\",\"@id\":\"http:\\\/\\\/fah.is\\\/wordpress\\\/#organization\",\"name\":\"F\u00e9lag \u00e1byrgra hundaeigenda\",\"url\":\"http:\\\/\\\/fah.is\\\/wordpress\\\/\",\"logo\":{\"@type\":\"ImageObject\",\"inLanguage\":\"en-US\",\"@id\":\"http:\\\/\\\/fah.is\\\/wordpress\\\/#\\\/schema\\\/logo\\\/image\\\/\",\"url\":\"https:\\\/\\\/i0.wp.com\\\/fah.is\\\/wordpress\\\/wp-content\\\/uploads\\\/2023\\\/01\\\/fah-hringur-white-shadow.png?fit=822%2C873&ssl=1\",\"contentUrl\":\"https:\\\/\\\/i0.wp.com\\\/fah.is\\\/wordpress\\\/wp-content\\\/uploads\\\/2023\\\/01\\\/fah-hringur-white-shadow.png?fit=822%2C873&ssl=1\",\"width\":822,\"height\":873,\"caption\":\"F\u00e9lag \u00e1byrgra hundaeigenda\"},\"image\":{\"@id\":\"http:\\\/\\\/fah.is\\\/wordpress\\\/#\\\/schema\\\/logo\\\/image\\\/\"}}]}<\/script>\n<!-- \/ Yoast SEO plugin. -->","yoast_head_json":{"title":"Hundar \u00ed Str\u00e6t\u00f3 - F\u00e9lag \u00e1byrgra hundaeigenda","robots":{"index":"index","follow":"follow","max-snippet":"max-snippet:-1","max-image-preview":"max-image-preview:large","max-video-preview":"max-video-preview:-1"},"canonical":"https:\/\/fah.is\/wordpress\/hundar-i-straeto\/","og_locale":"en_US","og_type":"article","og_title":"Hundar \u00ed Str\u00e6t\u00f3 - F\u00e9lag \u00e1byrgra hundaeigenda","og_description":"F\u00c1H haf\u00f0i um \u00e1rabil bent \u00e1 a\u00f0 bann vi\u00f0 hundum \u00ed str\u00e6t\u00f3 k\u00e6mi ni\u00f0ur \u00e1 \u00f6ryrkjum, \u00f6ldru\u00f0um, l\u00e1gtekjuf\u00f3lki og \u00feeim sem vilja gr\u00e6nan l\u00edfsst\u00edl og sleppa einkab\u00edl. \u00c1ri\u00f0 2016 var \u00fea\u00f0 \u00ed sko\u00f0un hj\u00e1 Umhverfis og au\u00f0lindar\u00e1\u00f0uneytinu a\u00f0 gefa undan\u00fe\u00e1gu \u00e1 banni \u00e1 hundum \u00ed almenningssamg\u00f6ngum. L\u00edti\u00f0 heyr\u00f0ist \u00fe\u00f3 fr\u00e1 R\u00e1\u00f0uneytinu og F\u00c1H sendi br\u00e9f [&hellip;]","og_url":"https:\/\/fah.is\/wordpress\/hundar-i-straeto\/","og_site_name":"F\u00e9lag \u00e1byrgra hundaeigenda","article_modified_time":"2023-08-10T11:06:01+00:00","twitter_card":"summary_large_image","twitter_misc":{"Est. reading time":"1 minute"},"schema":{"@context":"https:\/\/schema.org","@graph":[{"@type":"WebPage","@id":"https:\/\/fah.is\/wordpress\/hundar-i-straeto\/","url":"https:\/\/fah.is\/wordpress\/hundar-i-straeto\/","name":"Hundar \u00ed Str\u00e6t\u00f3 - F\u00e9lag \u00e1byrgra hundaeigenda","isPartOf":{"@id":"http:\/\/fah.is\/wordpress\/#website"},"datePublished":"2023-08-10T10:03:50+00:00","dateModified":"2023-08-10T11:06:01+00:00","breadcrumb":{"@id":"https:\/\/fah.is\/wordpress\/hundar-i-straeto\/#breadcrumb"},"inLanguage":"en-US","potentialAction":[{"@type":"ReadAction","target":["https:\/\/fah.is\/wordpress\/hundar-i-straeto\/"]}]},{"@type":"BreadcrumbList","@id":"https:\/\/fah.is\/wordpress\/hundar-i-straeto\/#breadcrumb","itemListElement":[{"@type":"ListItem","position":1,"name":"Home","item":"https:\/\/fah.is\/wordpress\/"},{"@type":"ListItem","position":2,"name":"Hundar \u00ed Str\u00e6t\u00f3"}]},{"@type":"WebSite","@id":"http:\/\/fah.is\/wordpress\/#website","url":"http:\/\/fah.is\/wordpress\/","name":"F\u00e9lag \u00e1byrgra hundaeigenda","description":"Vefs\u00ed\u00f0a F\u00e9lags \u00e1byrgra hundaeigenda","publisher":{"@id":"http:\/\/fah.is\/wordpress\/#organization"},"potentialAction":[{"@type":"SearchAction","target":{"@type":"EntryPoint","urlTemplate":"http:\/\/fah.is\/wordpress\/?s={search_term_string}"},"query-input":{"@type":"PropertyValueSpecification","valueRequired":true,"valueName":"search_term_string"}}],"inLanguage":"en-US"},{"@type":"Organization","@id":"http:\/\/fah.is\/wordpress\/#organization","name":"F\u00e9lag \u00e1byrgra hundaeigenda","url":"http:\/\/fah.is\/wordpress\/","logo":{"@type":"ImageObject","inLanguage":"en-US","@id":"http:\/\/fah.is\/wordpress\/#\/schema\/logo\/image\/","url":"https:\/\/i0.wp.com\/fah.is\/wordpress\/wp-content\/uploads\/2023\/01\/fah-hringur-white-shadow.png?fit=822%2C873&ssl=1","contentUrl":"https:\/\/i0.wp.com\/fah.is\/wordpress\/wp-content\/uploads\/2023\/01\/fah-hringur-white-shadow.png?fit=822%2C873&ssl=1","width":822,"height":873,"caption":"F\u00e9lag \u00e1byrgra hundaeigenda"},"image":{"@id":"http:\/\/fah.is\/wordpress\/#\/schema\/logo\/image\/"}}]}},"jetpack_sharing_enabled":true,"_links":{"self":[{"href":"https:\/\/fah.is\/wordpress\/wp-json\/wp\/v2\/pages\/108","targetHints":{"allow":["GET"]}}],"collection":[{"href":"https:\/\/fah.is\/wordpress\/wp-json\/wp\/v2\/pages"}],"about":[{"href":"https:\/\/fah.is\/wordpress\/wp-json\/wp\/v2\/types\/page"}],"author":[{"embeddable":true,"href":"https:\/\/fah.is\/wordpress\/wp-json\/wp\/v2\/users\/1"}],"replies":[{"embeddable":true,"href":"https:\/\/fah.is\/wordpress\/wp-json\/wp\/v2\/comments?post=108"}],"version-history":[{"count":2,"href":"https:\/\/fah.is\/wordpress\/wp-json\/wp\/v2\/pages\/108\/revisions"}],"predecessor-version":[{"id":167,"href":"https:\/\/fah.is\/wordpress\/wp-json\/wp\/v2\/pages\/108\/revisions\/167"}],"wp:attachment":[{"href":"https:\/\/fah.is\/wordpress\/wp-json\/wp\/v2\/media?parent=108"}],"curies":[{"name":"wp","href":"https:\/\/api.w.org\/{rel}","templated":true}]}}